{"id":72,"date":"2024-05-08T12:58:46","date_gmt":"2024-05-08T12:58:46","guid":{"rendered":"https:\/\/portugallovers.com\/condiciones-generales-venta-ebook\/"},"modified":"2024-05-08T12:59:03","modified_gmt":"2024-05-08T12:59:03","slug":"condiciones-generales-venta-ebook","status":"publish","type":"page","link":"https:\/\/portugallovers.com\/es\/condiciones-generales-venta-ebook\/","title":{"rendered":"Condiciones generales de venta &#8211; ebook"},"content":{"rendered":"\n<p>CCC a partir del 21 de diciembre de 2022<\/p>\n\n<h2 class=\"wp-block-heading\" id=\"t-1639558242257\"><strong>1. Editor del sitio web<\/strong><\/h2>\n\n<p>La p\u00e1gina web PortugalLovers.com pertenece a Region Lovers SAS<\/p>\n\n<p>Sede central: 2 rue des sauveteurs, 76600 Le Havre, Francia<\/p>\n\n<p>P\u00f3ngase en contacto con: Claire (arroba) regionlovers.fr o <a href=\"https:\/\/normandielovers.fr\/contact\/\" target=\"_blank\" rel=\"noreferrer noopener\">utilice el<\/a><a href=\"https:\/\/normandielovers.fr\/contact\/\" target=\"_blank\" rel=\"noreferrer noopener\">formulario aqu\u00ed<\/a>.<\/p>\n\n<p>PortugalLovers.com se reserva el derecho de modificar estas condiciones en cualquier momento y sin previo aviso.<\/p>\n\n<h2 class=\"wp-block-heading\" id=\"t-1639558242258\"><strong>2. Alcance y descripci\u00f3n de los art\u00edculos<\/strong><\/h2>\n\n<p>Las presentes condiciones generales de venta se aplican a todas las ventas concluidas en el sitio web PortugalLovers.com.<\/p>\n\n<p>La p\u00e1gina web PortugalLovers.com pone a la venta obras intelectuales en formato digital (PDF).<br\/>Los libros digitales (o eBooks) vendidos en PortugalLovers.com son archivos digitales que contienen obras intelectuales destinadas a ser descargadas para su lectura en terminales electr\u00f3nicos (ordenadores, smartphones, tabletas, etc.).<br\/>Las obras digitales est\u00e1n protegidas por las leyes francesas e internacionales sobre derechos de autor.<\/p>\n\n<h2 class=\"wp-block-heading\" id=\"t-1639558242259\"><strong>3. Propiedad intelectual<\/strong><\/h2>\n\n<p>Los archivos descargados son para uso exclusivo del comprador. No podr\u00e1n ser revendidos, alquilados o transmitidos gratuitamente m\u00e1s all\u00e1 del c\u00edrculo familiar y de las necesidades leg\u00edtimas de uso privado; toda representaci\u00f3n o reproducci\u00f3n total o parcial de estos archivos, fuera de los casos previstos en el art\u00edculo L122-5 del C\u00f3digo de la Propiedad Intelectual, est\u00e1 estrictamente prohibida y expondr\u00eda a su titular a acciones judiciales<\/p>\n\n<h2 class=\"wp-block-heading\" id=\"t-1639558242260\"><strong>4. Controla<\/strong><\/h2>\n\n<p>Todos los pedidos se realizan a trav\u00e9s de la plataforma Sendowl. El pago se efect\u00faa al realizar el pedido.<br\/>El cliente debe ser mayor de 18 a\u00f1os y tener capacidad legal o autorizaci\u00f3n paterna para realizar un pedido en PortugalLovers.com.<br\/>El hecho de hacer clic en el bot\u00f3n \u00abPedir\u00bb o \u00abPagar\u00bb en la pantalla que resume el pedido y la aceptaci\u00f3n expl\u00edcita de las presentes condiciones generales de venta mediante un cuadro de di\u00e1logo, constituye una firma electr\u00f3nica que certifica el consentimiento sin reservas del cliente a las presentes condiciones generales de venta (incluido el precio unitario) espec\u00edficas para cada archivo adquirido. Por lo tanto, el cliente renuncia a basarse en cualquier documento contradictorio, en particular sus propias condiciones generales de compra.<br\/>El cliente podr\u00e1 abandonar su pedido hasta que el pago del mismo haya sido validado. Cualquier pedido con un perfil de riesgo de fraude puede ser bloqueado por el administrador en la fase de pago.<\/p>\n\n<h2 class=\"wp-block-heading\" id=\"t-1639558242261\"><strong>5. Disponibilidad de libros electr\u00f3nicos &#8211; Entrega<\/strong><\/h2>\n\n<p>Tras realizar el pedido, el libro electr\u00f3nico puede descargarse desde la pantalla de confirmaci\u00f3n.<br\/>Tambi\u00e9n se env\u00eda un correo electr\u00f3nico con un enlace de descarga.<br\/>El enlace de descarga es v\u00e1lido durante 1 a\u00f1o y para un m\u00e1ximo de 10 descargas.<br\/>El administrador de este sitio no se hace responsable de los problemas t\u00e9cnicos ajenos a su control, como problemas de conexi\u00f3n debidos a los proveedores de servicios de Internet o problemas inform\u00e1ticos debidos al hardware o software del cliente.<\/p>\n\n<h2 class=\"wp-block-heading\" id=\"t-1639558242262\"><strong>5. Premios<\/strong><\/h2>\n\n<p>Los precios de los productos son precios netos en euros, incluidos todos los impuestos.<br\/>Todos los pedidos se facturan en euros y se pagan en euros en el momento del pedido.<\/p>\n\n<h2 class=\"wp-block-heading\" id=\"t-1639558242263\"><strong>6. Pago<\/strong><\/h2>\n\n<p>El precio se abona en su totalidad y en un solo pago en el momento de realizar el pedido.<br\/>El pago de las compras se realiza mediante tarjeta de cr\u00e9dito (a trav\u00e9s de Stripe) o Paypal. La transacci\u00f3n bancaria se realiza en el momento del pedido.<\/p>\n\n<h2 class=\"wp-block-heading\" id=\"t-1639558242264\"><strong>7. Garant\u00eda, devoluci\u00f3n y reembolso<\/strong><\/h2>\n\n<p><strong>Garant\u00eda del producto<\/strong><br\/>Si un PDF est\u00e1 defectuoso, dispone de 14 d\u00edas para devolver el producto digital por correo electr\u00f3nico. En cuanto recibamos el libro defectuoso, podr\u00e1 descargar un nuevo art\u00edculo.<\/p>\n\n<p><strong>Derecho de retractaci\u00f3n<\/strong><br\/>Los archivos digitales no pueden devolverse.<br\/>Si a\u00fan no ha descargado el archivo, puede solicitar el reembolso en los 14 d\u00edas siguientes a la compra &#8211; <a href=\"https:\/\/portugallovers.com\/es\/?page_id=51\" target=\"_blank\" rel=\"noreferrer noopener\">utilice el formulario aqu\u00ed<\/a> o respondiendo al correo electr\u00f3nico de confirmaci\u00f3n.<br\/>Si tiene alg\u00fan problema para descargar el libro digital, p\u00f3ngase en contacto conmigo a trav\u00e9s del siguiente formulario.<\/p>\n\n<p><strong>Procedimiento de devoluci\u00f3n<\/strong><br\/>Para devolver un art\u00edculo, p\u00f3ngase en contacto conmigo.<\/p>\n\n<h2 class=\"wp-block-heading\" id=\"t-1639558242265\"><strong>8. Protecci\u00f3n de datos personales<\/strong><\/h2>\n\n<p>La informaci\u00f3n solicitada al cliente es necesaria para procesar los pedidos. Esta informaci\u00f3n y datos tambi\u00e9n se conservan por motivos de seguridad para cumplir con las obligaciones legales y reglamentarias. Estos datos se almacenan a trav\u00e9s de la plataforma SendOwl<a href=\"https:\/\/www.sendowl.com\/privacy\" target=\"_blank\" rel=\"noreferrer noopener\">(consulte sus condiciones<\/a>).<br\/>El tratamiento de los datos personales se realiza de conformidad con la ley relativa al tratamiento de datos, ficheros y libertades del 6 de enero de 1978. Cualquier persona registrada en este sitio tiene derecho a acceder y rectificar los datos personales que le conciernan. P\u00f3ngase en contacto conmigo.<\/p>\n\n<h2 class=\"wp-block-heading\" id=\"t-1639558242266\"><strong>9. Responsabilidad<\/strong><\/h2>\n\n<p>PortugalLovers.com declina toda responsabilidad en caso de incumplimiento del contrato por causas de fuerza mayor (huelga, inundaci\u00f3n, incendio, plataforma de venta fuera de l\u00ednea, etc.).<\/p>\n\n<p>El autor ha hecho todo lo posible para garantizar la exactitud de la informaci\u00f3n contenida en el libro electr\u00f3nico en el momento de su publicaci\u00f3n. Sin embargo, el lector debe tomar decisiones basadas en las condiciones reales del lugar y en sus capacidades personales (f\u00edsicas y de conducci\u00f3n). Todos los consejos y opiniones expresados en el libro electr\u00f3nico son opiniones subjetivas del autor. El autor no acepta ninguna responsabilidad por p\u00e9rdidas, lesiones o inconvenientes derivados del uso o mal uso de la informaci\u00f3n contenida en esta gu\u00eda.<\/p>\n\n<h2 class=\"wp-block-heading\" id=\"t-1639558242267\"><strong>10. Legislaci\u00f3n aplicable<\/strong><\/h2>\n\n<p>Las ventas de Productos est\u00e1n sujetas a la legislaci\u00f3n francesa.<br\/>El Sitio, las CGC y los Pedidos realizados a trav\u00e9s del Sitio y su ejecuci\u00f3n se rigen exclusivamente por la legislaci\u00f3n francesa. Cualquier litigio relativo a la interpretaci\u00f3n o a la ejecuci\u00f3n de las CGV o de un Pedido ser\u00e1 juzgado de conformidad con la legislaci\u00f3n francesa y ser\u00e1 competencia del tribunal del lugar de residencia del Cliente o, a elecci\u00f3n del Cliente, del lugar de entrega efectiva del Producto.<\/p>\n","protected":false},"excerpt":{"rendered":"<p>CCC a partir del 21 de diciembre de 2022 1. Editor del sitio web La p\u00e1gina web PortugalLovers.com pertenece a Region Lovers SAS Sede central: 2 rue des sauveteurs, 76600 Le Havre, Francia P\u00f3ngase en contacto con: Claire (arroba) regionlovers.fr o utilice elformulario aqu\u00ed. PortugalLovers.com se reserva el derecho de modificar estas condiciones en cualquier [&hellip;]<\/p>\n","protected":false},"author":1,"featured_media":0,"parent":0,"menu_order":0,"comment_status":"closed","ping_status":"closed","template":"","meta":{"_genesis_hide_title":false,"_genesis_hide_breadcrumbs":false,"_genesis_hide_singular_image":false,"_genesis_hide_footer_widgets":false,"_genesis_custom_body_class":"","_genesis_custom_post_class":"","_genesis_layout":"","footnotes":""},"class_list":{"0":"post-72","1":"page","2":"type-page","3":"status-publish","5":"entry"},"yoast_head":"<!-- This site is optimized with the Yoast SEO plugin v27.2 - https:\/\/yoast.com\/product\/yoast-seo-wordpress\/ -->\n<title>Condiciones generales de venta - ebook<\/title>\n<meta name=\"description\" content=\"condiciones generales de venta de nuestros ebooks\" \/>\n<meta name=\"robots\" content=\"index, follow, max-snippet:-1, max-image-preview:large, max-video-preview:-1\" \/>\n<link rel=\"canonical\" href=\"https:\/\/portugallovers.com\/es\/condiciones-generales-venta-ebook\/\" \/>\n<meta property=\"og:locale\" content=\"es_ES\" \/>\n<meta property=\"og:type\" content=\"article\" \/>\n<meta property=\"og:title\" content=\"Condiciones generales de venta - ebook\" \/>\n<meta property=\"og:description\" content=\"condiciones generales de venta de nuestros ebooks\" \/>\n<meta property=\"og:url\" content=\"https:\/\/portugallovers.com\/es\/condiciones-generales-venta-ebook\/\" \/>\n<meta property=\"og:site_name\" content=\"Portugal Lovers\" \/>\n<meta property=\"article:modified_time\" content=\"2024-05-08T12:59:03+00:00\" \/>\n<meta name=\"twitter:card\" content=\"summary_large_image\" \/>\n<meta name=\"twitter:label1\" content=\"Tiempo de lectura\" \/>\n\t<meta name=\"twitter:data1\" content=\"5 minutos\" \/>\n<script type=\"application\/ld+json\" class=\"yoast-schema-graph\">{\"@context\":\"https:\/\/schema.org\",\"@graph\":[{\"@type\":\"WebPage\",\"@id\":\"https:\/\/portugallovers.com\/es\/condiciones-generales-venta-ebook\/\",\"url\":\"https:\/\/portugallovers.com\/es\/condiciones-generales-venta-ebook\/\",\"name\":\"Condiciones generales de venta - ebook\",\"isPartOf\":{\"@id\":\"https:\/\/portugallovers.com\/es\/#website\"},\"datePublished\":\"2024-05-08T12:58:46+00:00\",\"dateModified\":\"2024-05-08T12:59:03+00:00\",\"description\":\"condiciones generales de venta de nuestros ebooks\",\"breadcrumb\":{\"@id\":\"https:\/\/portugallovers.com\/es\/condiciones-generales-venta-ebook\/#breadcrumb\"},\"inLanguage\":\"es\",\"potentialAction\":[{\"@type\":\"ReadAction\",\"target\":[\"https:\/\/portugallovers.com\/es\/condiciones-generales-venta-ebook\/\"]}]},{\"@type\":\"BreadcrumbList\",\"@id\":\"https:\/\/portugallovers.com\/es\/condiciones-generales-venta-ebook\/#breadcrumb\",\"itemListElement\":[{\"@type\":\"ListItem\",\"position\":1,\"name\":\"Accueil\",\"item\":\"https:\/\/portugallovers.com\/es\/\"},{\"@type\":\"ListItem\",\"position\":2,\"name\":\"Condiciones generales de venta &#8211; ebook\"}]},{\"@type\":\"WebSite\",\"@id\":\"https:\/\/portugallovers.com\/es\/#website\",\"url\":\"https:\/\/portugallovers.com\/es\/\",\"name\":\"Portugal Lovers\",\"description\":\"\",\"publisher\":{\"@id\":\"https:\/\/portugallovers.com\/es\/#organization\"},\"potentialAction\":[{\"@type\":\"SearchAction\",\"target\":{\"@type\":\"EntryPoint\",\"urlTemplate\":\"https:\/\/portugallovers.com\/es\/?s={search_term_string}\"},\"query-input\":{\"@type\":\"PropertyValueSpecification\",\"valueRequired\":true,\"valueName\":\"search_term_string\"}}],\"inLanguage\":\"es\"},{\"@type\":\"Organization\",\"@id\":\"https:\/\/portugallovers.com\/es\/#organization\",\"name\":\"Portugal Lovers\",\"url\":\"https:\/\/portugallovers.com\/es\/\",\"logo\":{\"@type\":\"ImageObject\",\"inLanguage\":\"es\",\"@id\":\"https:\/\/portugallovers.com\/es\/#\/schema\/logo\/image\/\",\"url\":\"https:\/\/portugallovers.com\/wp-content\/uploads\/2024\/05\/cropped-Portugal-Lovers-Logo.png\",\"contentUrl\":\"https:\/\/portugallovers.com\/wp-content\/uploads\/2024\/05\/cropped-Portugal-Lovers-Logo.png\",\"width\":2742,\"height\":469,\"caption\":\"Portugal Lovers\"},\"image\":{\"@id\":\"https:\/\/portugallovers.com\/es\/#\/schema\/logo\/image\/\"}}]}<\/script>\n<!-- \/ Yoast SEO plugin. -->","yoast_head_json":{"title":"Condiciones generales de venta - ebook","description":"condiciones generales de venta de nuestros ebooks","robots":{"index":"index","follow":"follow","max-snippet":"max-snippet:-1","max-image-preview":"max-image-preview:large","max-video-preview":"max-video-preview:-1"},"canonical":"https:\/\/portugallovers.com\/es\/condiciones-generales-venta-ebook\/","og_locale":"es_ES","og_type":"article","og_title":"Condiciones generales de venta - ebook","og_description":"condiciones generales de venta de nuestros ebooks","og_url":"https:\/\/portugallovers.com\/es\/condiciones-generales-venta-ebook\/","og_site_name":"Portugal Lovers","article_modified_time":"2024-05-08T12:59:03+00:00","twitter_card":"summary_large_image","twitter_misc":{"Tiempo de lectura":"5 minutos"},"schema":{"@context":"https:\/\/schema.org","@graph":[{"@type":"WebPage","@id":"https:\/\/portugallovers.com\/es\/condiciones-generales-venta-ebook\/","url":"https:\/\/portugallovers.com\/es\/condiciones-generales-venta-ebook\/","name":"Condiciones generales de venta - ebook","isPartOf":{"@id":"https:\/\/portugallovers.com\/es\/#website"},"datePublished":"2024-05-08T12:58:46+00:00","dateModified":"2024-05-08T12:59:03+00:00","description":"condiciones generales de venta de nuestros ebooks","breadcrumb":{"@id":"https:\/\/portugallovers.com\/es\/condiciones-generales-venta-ebook\/#breadcrumb"},"inLanguage":"es","potentialAction":[{"@type":"ReadAction","target":["https:\/\/portugallovers.com\/es\/condiciones-generales-venta-ebook\/"]}]},{"@type":"BreadcrumbList","@id":"https:\/\/portugallovers.com\/es\/condiciones-generales-venta-ebook\/#breadcrumb","itemListElement":[{"@type":"ListItem","position":1,"name":"Accueil","item":"https:\/\/portugallovers.com\/es\/"},{"@type":"ListItem","position":2,"name":"Condiciones generales de venta &#8211; ebook"}]},{"@type":"WebSite","@id":"https:\/\/portugallovers.com\/es\/#website","url":"https:\/\/portugallovers.com\/es\/","name":"Portugal Lovers","description":"","publisher":{"@id":"https:\/\/portugallovers.com\/es\/#organization"},"potentialAction":[{"@type":"SearchAction","target":{"@type":"EntryPoint","urlTemplate":"https:\/\/portugallovers.com\/es\/?s={search_term_string}"},"query-input":{"@type":"PropertyValueSpecification","valueRequired":true,"valueName":"search_term_string"}}],"inLanguage":"es"},{"@type":"Organization","@id":"https:\/\/portugallovers.com\/es\/#organization","name":"Portugal Lovers","url":"https:\/\/portugallovers.com\/es\/","logo":{"@type":"ImageObject","inLanguage":"es","@id":"https:\/\/portugallovers.com\/es\/#\/schema\/logo\/image\/","url":"https:\/\/portugallovers.com\/wp-content\/uploads\/2024\/05\/cropped-Portugal-Lovers-Logo.png","contentUrl":"https:\/\/portugallovers.com\/wp-content\/uploads\/2024\/05\/cropped-Portugal-Lovers-Logo.png","width":2742,"height":469,"caption":"Portugal Lovers"},"image":{"@id":"https:\/\/portugallovers.com\/es\/#\/schema\/logo\/image\/"}}]}},"featured_image_src":null,"featured_image_src_square":null,"_links":{"self":[{"href":"https:\/\/portugallovers.com\/es\/wp-json\/wp\/v2\/pages\/72","targetHints":{"allow":["GET"]}}],"collection":[{"href":"https:\/\/portugallovers.com\/es\/wp-json\/wp\/v2\/pages"}],"about":[{"href":"https:\/\/portugallovers.com\/es\/wp-json\/wp\/v2\/types\/page"}],"author":[{"embeddable":true,"href":"https:\/\/portugallovers.com\/es\/wp-json\/wp\/v2\/users\/1"}],"replies":[{"embeddable":true,"href":"https:\/\/portugallovers.com\/es\/wp-json\/wp\/v2\/comments?post=72"}],"version-history":[{"count":0,"href":"https:\/\/portugallovers.com\/es\/wp-json\/wp\/v2\/pages\/72\/revisions"}],"wp:attachment":[{"href":"https:\/\/portugallovers.com\/es\/wp-json\/wp\/v2\/media?parent=72"}],"curies":[{"name":"wp","href":"https:\/\/api.w.org\/{rel}","templated":true}]}}