{"id":4380,"date":"2025-08-12T08:23:44","date_gmt":"2025-08-12T08:23:44","guid":{"rendered":"https:\/\/portugallovers.com\/algarve-portugal\/"},"modified":"2026-04-11T12:26:36","modified_gmt":"2026-04-11T12:26:36","slug":"algarve-portugal","status":"publish","type":"page","link":"https:\/\/portugallovers.com\/de\/algarve-portugal\/","title":{"rendered":"Algarve: Alles f\u00fcr Ihre Reiseplanung!"},"content":{"rendered":"\n<p>Beginnen Sie hier!<br\/>Hier sind unsere wichtigsten Artikel, die Ihnen bei der Planung Ihrer Reise an die Algarve helfen sollen.<br\/>Einfach.<\/p>\n\n<figure class=\"wp-block-image size-medium\"><img loading=\"lazy\" decoding=\"async\" width=\"300\" height=\"300\" src=\"https:\/\/portugallovers.com\/wp-content\/uploads\/2025\/08\/Algarve-300x300.jpg\" alt=\"Algarve\" class=\"wp-image-4359\" srcset=\"https:\/\/portugallovers.com\/wp-content\/uploads\/2025\/08\/Algarve-300x300.jpg 300w, https:\/\/portugallovers.com\/wp-content\/uploads\/2025\/08\/Algarve-150x150.jpg 150w, https:\/\/portugallovers.com\/wp-content\/uploads\/2025\/08\/Algarve-768x768.jpg 768w, https:\/\/portugallovers.com\/wp-content\/uploads\/2025\/08\/Algarve-75x75.jpg 75w, https:\/\/portugallovers.com\/wp-content\/uploads\/2025\/08\/Algarve-600x600.jpg 600w, https:\/\/portugallovers.com\/wp-content\/uploads\/2025\/08\/Algarve.jpg 800w\" sizes=\"auto, (max-width: 300px) 100vw, 300px\" \/><\/figure>\n\n<h2 class=\"wp-block-heading\">1. Entscheiden Sie, ob die Algarve das richtige Reiseziel f\u00fcr Sie ist und wann Sie dorthin reisen sollten.<\/h2>\n\n<p><a href=\"https:\/\/portugallovers.com\/de\/algarve-reise-wert-warum-besuchen\/\" target=\"_blank\" rel=\"noreferrer noopener\">Warum an die Algarve fahren<\/a><br\/><a href=\"https:\/\/portugallovers.com\/de\/schonste-landschaften-algarve-fotos\/\" type=\"post\" id=\"5501\" target=\"_blank\" rel=\"noreferrer noopener\">Sch\u00f6nste Landschaften<\/a><br\/><a href=\"https:\/\/portugallovers.com\/de\/sehenswurdigkeiten-algarve-besuchen\/\" target=\"_blank\" rel=\"noreferrer noopener\">Was tun in der Algarve<\/a><br\/><a href=\"https:\/\/canarias-lovers.com\/quand-partir-gran-canaria-meteo-periode\/\" target=\"_blank\" rel=\"noreferrer noopener\">Wann reisen Sie ab?<\/a><br\/><a href=\"https:\/\/portugallovers.com\/de\/wie-viele-tage-algarve\/\" target=\"_blank\" rel=\"noreferrer noopener\">Wie viele Tage<\/a><\/p>\n\n<h2 class=\"wp-block-heading\">2. Wahl des Aufenthaltsortes<\/h2>\n\n<p><a href=\"https:\/\/portugallovers.com\/de\/wo-ubernachten-algarve-beste-urlaubsorte\/\" target=\"_blank\" rel=\"noreferrer noopener\">Wo kann man in der Algarve \u00fcbernachten?<\/a><\/p>\n\n<p><a href=\"https:\/\/portugallovers.com\/de\/lagos-oder-portimao-oder-albufeira\/\" type=\"post\" id=\"4305\" target=\"_blank\" rel=\"noreferrer noopener\">Lagos oder Portimao oder Albufeira?<\/a><\/p>\n\n<p><a href=\"https:\/\/portugallovers.com\/de\/beste-hotels-algarve-bewertungen\/\" target=\"_blank\" rel=\"noreferrer noopener\">Die besten Hotels in Algarve<\/a><\/p>\n\n<h2 class=\"wp-block-heading\">3. Routen: Inspiration f\u00fcr die Planung<\/h2>\n\n<p>3 Tage &#8211; 4 Tage &#8211; 5 Tage &#8211; 6 Tage &#8211; 1 Woche &#8211; 10 Tage (in K\u00fcrze)<\/p>\n\n<h2 class=\"wp-block-heading\">4. W\u00e4hlen Sie Ihre Lieblingsattraktionen<\/h2>\n\n<p><a href=\"https:\/\/portugallovers.com\/de\/schonste-strande-algarve\/\" target=\"_blank\" rel=\"noreferrer noopener\">Die sch\u00f6nsten Str\u00e4nde der Algarve<\/a><br\/><a href=\"https:\/\/portugallovers.com\/de\/schonste-stadte-algarve-dorfer\/\" type=\"post\" id=\"3031\">Die sch\u00f6nsten St\u00e4dte und D\u00f6rfer<\/a> <br\/><a href=\"https:\/\/portugallovers.com\/de\/schonste-strande-algarve\/\" target=\"_blank\" rel=\"noreferrer noopener\">Die sch\u00f6nsten Str\u00e4nde der Algarve<\/a><br\/><a href=\"https:\/\/portugallovers.com\/de\/tour-delphine-lagos-wale\/\" type=\"post\" id=\"3032\" target=\"_blank\" rel=\"noreferrer noopener\">Delphine in der Algarve sehen<\/a><\/p>\n\n<h2 class=\"wp-block-heading\">5. Praktische Ratschl\u00e4ge zur Vorbereitung<\/h2>\n\n<h2 class=\"wp-block-heading\">6. Gehen Sie n\u00e4her auf die Stadt ein, die Sie f\u00fcr Ihren Aufenthalt gew\u00e4hlt haben.<\/h2>\n\n<p>Lagos: <a href=\"https:\/\/portugallovers.com\/de\/sehenswurdigkeiten-lagos-besuchen\/\" target=\"_blank\" rel=\"noreferrer noopener\">Aktivit\u00e4ten<\/a> &#8211; <a href=\"https:\/\/portugallovers.com\/de\/schonste-strande-lagos\/\" target=\"_blank\" rel=\"noreferrer noopener\">Str\u00e4nde<\/a> &#8211; <a href=\"https:\/\/portugallovers.com\/de\/beste-hotels-lagos-unterkunft-stadtteile\/\" target=\"_blank\" rel=\"noreferrer noopener\">Hotels<\/a> &#8211; <a href=\"https:\/\/portugallovers.com\/de\/beste-restaurant-lagos-essengehen-bewertungen\/\" target=\"_blank\" rel=\"noreferrer noopener\">Restaurants<\/a><br\/>Portimao: <a href=\"https:\/\/portugallovers.com\/de\/sehenswurdigkeiten-portimao-besuchen\/\" target=\"_blank\" rel=\"noreferrer noopener\">Aktivit\u00e4ten<\/a> &#8211; <a href=\"https:\/\/portugallovers.com\/de\/schonste-strande-portimao\/\" target=\"_blank\" rel=\"noreferrer noopener\">Str\u00e4nde<\/a> &#8211; <a href=\"https:\/\/portugallovers.com\/de\/beste-hotels-portimao-unterkunft-stadtteile\/\" target=\"_blank\" rel=\"noreferrer noopener\">Hotels<\/a> &#8211; <a href=\"https:\/\/portugallovers.com\/de\/beste-restaurant-portimao-essengehen-bewertungen\/\" target=\"_blank\" rel=\"noreferrer noopener\">Restaurants<\/a><br\/>Albufeira: <a href=\"https:\/\/portugallovers.com\/de\/sehenswurdigkeiten-albufeira-besuchen\/\" target=\"_blank\" rel=\"noreferrer noopener\">Aktivit\u00e4ten<\/a> &#8211; <a href=\"https:\/\/portugallovers.com\/de\/schonste-strande-albufeira\/\" type=\"post\" id=\"4348\" target=\"_blank\" rel=\"noreferrer noopener\">Str\u00e4nde<\/a> &#8211; <a href=\"https:\/\/portugallovers.com\/de\/beste-hotels-albufeira-unterkunft-stadtteile\/\" target=\"_blank\" rel=\"noreferrer noopener\">Hotels<\/a> &#8211; Restaurants<br\/>Faro: <a href=\"https:\/\/portugallovers.com\/de\/sehenswurdigkeiten-faro-attraktionen\/\" target=\"_blank\" rel=\"noreferrer noopener\">Aktivit\u00e4ten<\/a> &#8211; <a href=\"https:\/\/portugallovers.com\/de\/schonste-strande-faro\/\" target=\"_blank\" rel=\"noreferrer noopener\">Str\u00e4nde<\/a> &#8211; <a href=\"https:\/\/portugallovers.com\/de\/beste-hotels-faro-unterkunft-stadtteile\/\" target=\"_blank\" rel=\"noreferrer noopener\">Hotels<\/a> &#8211; <a href=\"https:\/\/portugallovers.com\/de\/beste-restaurant-faro-essengehen-bewertungen\/\" target=\"_blank\" rel=\"noreferrer noopener\">Restaurants<\/a><\/p>\n\n<h2 class=\"wp-block-heading\">7. Die unumg\u00e4nglichen<\/h2>\n\n<p><a href=\"https:\/\/portugallovers.com\/de\/praia-marinha-strand-algarve\/\" target=\"_blank\" rel=\"noreferrer noopener\">Praia da Marinha<\/a><br\/><a href=\"https:\/\/portugallovers.com\/de\/ponta-da-piedade-lagos-algarve\/\" type=\"post\" id=\"5502\" target=\"_blank\" rel=\"noreferrer noopener\">Ponta da Piedade<\/a><br\/><a href=\"https:\/\/portugallovers.com\/de\/sehenswurdigkeiten-dorf-ferragudo-besuchen\/\" type=\"post\" id=\"5400\" target=\"_blank\" rel=\"noreferrer noopener\">Ferragudo<\/a><br\/><\/p>\n\n<figure class=\"wp-block-image size-large\"><img decoding=\"async\" src=\"https:\/\/photos.smugmug.com\/Portugal\/Algarve\/Lagos\/Boat-tourkayak\/i-tdQ5PNx\/0\/MmqnqZJJC4VzwVvmXDcjWX2QL99RSCS5PPZ4tQJVS\/L\/cliffs%20kayak%20ponta%20piedade%20lagos-L.jpg\" alt=\"Kajakfahren in der Algarve\"\/><figcaption class=\"wp-element-caption\">D\u00fcnen von Maspalomas<\/figcaption><\/figure>\n","protected":false},"excerpt":{"rendered":"<p>Beginnen Sie hier!Hier sind unsere wichtigsten Artikel, die Ihnen bei der Planung Ihrer Reise an die Algarve helfen sollen.Einfach. 1. Entscheiden Sie, ob die Algarve das richtige Reiseziel f\u00fcr Sie ist und wann Sie dorthin reisen sollten. Warum an die Algarve fahrenSch\u00f6nste LandschaftenWas tun in der AlgarveWann reisen Sie ab?Wie viele Tage 2. Wahl des [&hellip;]<\/p>\n","protected":false},"author":1,"featured_media":4363,"parent":0,"menu_order":0,"comment_status":"closed","ping_status":"closed","template":"","meta":{"_genesis_hide_title":false,"_genesis_hide_breadcrumbs":false,"_genesis_hide_singular_image":false,"_genesis_hide_footer_widgets":false,"_genesis_custom_body_class":"","_genesis_custom_post_class":"","_genesis_layout":"full-width-content","footnotes":""},"class_list":{"0":"post-4380","1":"page","2":"type-page","3":"status-publish","4":"has-post-thumbnail","6":"entry"},"yoast_head":"<!-- This site is optimized with the Yoast SEO plugin v27.2 - https:\/\/yoast.com\/product\/yoast-seo-wordpress\/ -->\n<title>Algarve: Alles f\u00fcr Ihre Reiseplanung!<\/title>\n<meta name=\"description\" content=\"Alle Informationen und Links zu den Artikeln, um Ihre ideale Reise an die Algarve zu planen! Sehensw\u00fcrdigkeiten, Routen, Tipps\" \/>\n<meta name=\"robots\" content=\"index, follow, max-snippet:-1, max-image-preview:large, max-video-preview:-1\" \/>\n<link rel=\"canonical\" href=\"https:\/\/portugallovers.com\/de\/algarve-portugal\/\" \/>\n<meta property=\"og:locale\" content=\"de_DE\" \/>\n<meta property=\"og:type\" content=\"article\" \/>\n<meta property=\"og:title\" content=\"Algarve: Alles f\u00fcr Ihre Reiseplanung!\" \/>\n<meta property=\"og:description\" content=\"Alle Informationen und Links zu den Artikeln, um Ihre ideale Reise an die Algarve zu planen! Sehensw\u00fcrdigkeiten, Routen, Tipps\" \/>\n<meta property=\"og:url\" content=\"https:\/\/portugallovers.com\/de\/algarve-portugal\/\" \/>\n<meta property=\"og:site_name\" content=\"Portugal Lovers\" \/>\n<meta property=\"article:modified_time\" content=\"2026-04-11T12:26:36+00:00\" \/>\n<meta property=\"og:image\" content=\"https:\/\/portugallovers.com\/wp-content\/uploads\/2025\/08\/Algarve.jpg\" \/>\n\t<meta property=\"og:image:width\" content=\"800\" \/>\n\t<meta property=\"og:image:height\" content=\"800\" \/>\n\t<meta property=\"og:image:type\" content=\"image\/jpeg\" \/>\n<meta name=\"twitter:card\" content=\"summary_large_image\" \/>\n<meta name=\"twitter:label1\" content=\"Gesch\u00e4tzte Lesezeit\" \/>\n\t<meta name=\"twitter:data1\" content=\"1 Minute\" \/>\n<script type=\"application\/ld+json\" class=\"yoast-schema-graph\">{\"@context\":\"https:\/\/schema.org\",\"@graph\":[{\"@type\":\"WebPage\",\"@id\":\"https:\/\/portugallovers.com\/de\/algarve-portugal\/\",\"url\":\"https:\/\/portugallovers.com\/de\/algarve-portugal\/\",\"name\":\"Algarve: Alles f\u00fcr Ihre Reiseplanung!\",\"isPartOf\":{\"@id\":\"https:\/\/portugallovers.com\/de\/#website\"},\"primaryImageOfPage\":{\"@id\":\"https:\/\/portugallovers.com\/de\/algarve-portugal\/#primaryimage\"},\"image\":{\"@id\":\"https:\/\/portugallovers.com\/de\/algarve-portugal\/#primaryimage\"},\"thumbnailUrl\":\"https:\/\/portugallovers.com\/wp-content\/uploads\/2025\/08\/Algarve.jpg\",\"datePublished\":\"2025-08-12T08:23:44+00:00\",\"dateModified\":\"2026-04-11T12:26:36+00:00\",\"description\":\"Alle Informationen und Links zu den Artikeln, um Ihre ideale Reise an die Algarve zu planen! Sehensw\u00fcrdigkeiten, Routen, Tipps\",\"breadcrumb\":{\"@id\":\"https:\/\/portugallovers.com\/de\/algarve-portugal\/#breadcrumb\"},\"inLanguage\":\"de-DE\",\"potentialAction\":[{\"@type\":\"ReadAction\",\"target\":[\"https:\/\/portugallovers.com\/de\/algarve-portugal\/\"]}]},{\"@type\":\"ImageObject\",\"inLanguage\":\"de-DE\",\"@id\":\"https:\/\/portugallovers.com\/de\/algarve-portugal\/#primaryimage\",\"url\":\"https:\/\/portugallovers.com\/wp-content\/uploads\/2025\/08\/Algarve.jpg\",\"contentUrl\":\"https:\/\/portugallovers.com\/wp-content\/uploads\/2025\/08\/Algarve.jpg\",\"width\":800,\"height\":800,\"caption\":\"Algarve\"},{\"@type\":\"BreadcrumbList\",\"@id\":\"https:\/\/portugallovers.com\/de\/algarve-portugal\/#breadcrumb\",\"itemListElement\":[{\"@type\":\"ListItem\",\"position\":1,\"name\":\"Accueil\",\"item\":\"https:\/\/portugallovers.com\/de\/\"},{\"@type\":\"ListItem\",\"position\":2,\"name\":\"Algarve: Alles f\u00fcr Ihre Reiseplanung!\"}]},{\"@type\":\"WebSite\",\"@id\":\"https:\/\/portugallovers.com\/de\/#website\",\"url\":\"https:\/\/portugallovers.com\/de\/\",\"name\":\"Portugal Lovers\",\"description\":\"\",\"publisher\":{\"@id\":\"https:\/\/portugallovers.com\/de\/#organization\"},\"potentialAction\":[{\"@type\":\"SearchAction\",\"target\":{\"@type\":\"EntryPoint\",\"urlTemplate\":\"https:\/\/portugallovers.com\/de\/?s={search_term_string}\"},\"query-input\":{\"@type\":\"PropertyValueSpecification\",\"valueRequired\":true,\"valueName\":\"search_term_string\"}}],\"inLanguage\":\"de-DE\"},{\"@type\":\"Organization\",\"@id\":\"https:\/\/portugallovers.com\/de\/#organization\",\"name\":\"Portugal Lovers\",\"url\":\"https:\/\/portugallovers.com\/de\/\",\"logo\":{\"@type\":\"ImageObject\",\"inLanguage\":\"de-DE\",\"@id\":\"https:\/\/portugallovers.com\/de\/#\/schema\/logo\/image\/\",\"url\":\"https:\/\/portugallovers.com\/wp-content\/uploads\/2024\/05\/cropped-Portugal-Lovers-Logo.png\",\"contentUrl\":\"https:\/\/portugallovers.com\/wp-content\/uploads\/2024\/05\/cropped-Portugal-Lovers-Logo.png\",\"width\":2742,\"height\":469,\"caption\":\"Portugal Lovers\"},\"image\":{\"@id\":\"https:\/\/portugallovers.com\/de\/#\/schema\/logo\/image\/\"}}]}<\/script>\n<!-- \/ Yoast SEO plugin. -->","yoast_head_json":{"title":"Algarve: Alles f\u00fcr Ihre Reiseplanung!","description":"Alle Informationen und Links zu den Artikeln, um Ihre ideale Reise an die Algarve zu planen! Sehensw\u00fcrdigkeiten, Routen, Tipps","robots":{"index":"index","follow":"follow","max-snippet":"max-snippet:-1","max-image-preview":"max-image-preview:large","max-video-preview":"max-video-preview:-1"},"canonical":"https:\/\/portugallovers.com\/de\/algarve-portugal\/","og_locale":"de_DE","og_type":"article","og_title":"Algarve: Alles f\u00fcr Ihre Reiseplanung!","og_description":"Alle Informationen und Links zu den Artikeln, um Ihre ideale Reise an die Algarve zu planen! Sehensw\u00fcrdigkeiten, Routen, Tipps","og_url":"https:\/\/portugallovers.com\/de\/algarve-portugal\/","og_site_name":"Portugal Lovers","article_modified_time":"2026-04-11T12:26:36+00:00","og_image":[{"width":800,"height":800,"url":"https:\/\/portugallovers.com\/wp-content\/uploads\/2025\/08\/Algarve.jpg","type":"image\/jpeg"}],"twitter_card":"summary_large_image","twitter_misc":{"Gesch\u00e4tzte Lesezeit":"1 Minute"},"schema":{"@context":"https:\/\/schema.org","@graph":[{"@type":"WebPage","@id":"https:\/\/portugallovers.com\/de\/algarve-portugal\/","url":"https:\/\/portugallovers.com\/de\/algarve-portugal\/","name":"Algarve: Alles f\u00fcr Ihre Reiseplanung!","isPartOf":{"@id":"https:\/\/portugallovers.com\/de\/#website"},"primaryImageOfPage":{"@id":"https:\/\/portugallovers.com\/de\/algarve-portugal\/#primaryimage"},"image":{"@id":"https:\/\/portugallovers.com\/de\/algarve-portugal\/#primaryimage"},"thumbnailUrl":"https:\/\/portugallovers.com\/wp-content\/uploads\/2025\/08\/Algarve.jpg","datePublished":"2025-08-12T08:23:44+00:00","dateModified":"2026-04-11T12:26:36+00:00","description":"Alle Informationen und Links zu den Artikeln, um Ihre ideale Reise an die Algarve zu planen! Sehensw\u00fcrdigkeiten, Routen, Tipps","breadcrumb":{"@id":"https:\/\/portugallovers.com\/de\/algarve-portugal\/#breadcrumb"},"inLanguage":"de-DE","potentialAction":[{"@type":"ReadAction","target":["https:\/\/portugallovers.com\/de\/algarve-portugal\/"]}]},{"@type":"ImageObject","inLanguage":"de-DE","@id":"https:\/\/portugallovers.com\/de\/algarve-portugal\/#primaryimage","url":"https:\/\/portugallovers.com\/wp-content\/uploads\/2025\/08\/Algarve.jpg","contentUrl":"https:\/\/portugallovers.com\/wp-content\/uploads\/2025\/08\/Algarve.jpg","width":800,"height":800,"caption":"Algarve"},{"@type":"BreadcrumbList","@id":"https:\/\/portugallovers.com\/de\/algarve-portugal\/#breadcrumb","itemListElement":[{"@type":"ListItem","position":1,"name":"Accueil","item":"https:\/\/portugallovers.com\/de\/"},{"@type":"ListItem","position":2,"name":"Algarve: Alles f\u00fcr Ihre Reiseplanung!"}]},{"@type":"WebSite","@id":"https:\/\/portugallovers.com\/de\/#website","url":"https:\/\/portugallovers.com\/de\/","name":"Portugal Lovers","description":"","publisher":{"@id":"https:\/\/portugallovers.com\/de\/#organization"},"potentialAction":[{"@type":"SearchAction","target":{"@type":"EntryPoint","urlTemplate":"https:\/\/portugallovers.com\/de\/?s={search_term_string}"},"query-input":{"@type":"PropertyValueSpecification","valueRequired":true,"valueName":"search_term_string"}}],"inLanguage":"de-DE"},{"@type":"Organization","@id":"https:\/\/portugallovers.com\/de\/#organization","name":"Portugal Lovers","url":"https:\/\/portugallovers.com\/de\/","logo":{"@type":"ImageObject","inLanguage":"de-DE","@id":"https:\/\/portugallovers.com\/de\/#\/schema\/logo\/image\/","url":"https:\/\/portugallovers.com\/wp-content\/uploads\/2024\/05\/cropped-Portugal-Lovers-Logo.png","contentUrl":"https:\/\/portugallovers.com\/wp-content\/uploads\/2024\/05\/cropped-Portugal-Lovers-Logo.png","width":2742,"height":469,"caption":"Portugal Lovers"},"image":{"@id":"https:\/\/portugallovers.com\/de\/#\/schema\/logo\/image\/"}}]}},"featured_image_src":"https:\/\/portugallovers.com\/wp-content\/uploads\/2025\/08\/Algarve-600x400.jpg","featured_image_src_square":"https:\/\/portugallovers.com\/wp-content\/uploads\/2025\/08\/Algarve-600x600.jpg","_links":{"self":[{"href":"https:\/\/portugallovers.com\/de\/wp-json\/wp\/v2\/pages\/4380","targetHints":{"allow":["GET"]}}],"collection":[{"href":"https:\/\/portugallovers.com\/de\/wp-json\/wp\/v2\/pages"}],"about":[{"href":"https:\/\/portugallovers.com\/de\/wp-json\/wp\/v2\/types\/page"}],"author":[{"embeddable":true,"href":"https:\/\/portugallovers.com\/de\/wp-json\/wp\/v2\/users\/1"}],"replies":[{"embeddable":true,"href":"https:\/\/portugallovers.com\/de\/wp-json\/wp\/v2\/comments?post=4380"}],"version-history":[{"count":0,"href":"https:\/\/portugallovers.com\/de\/wp-json\/wp\/v2\/pages\/4380\/revisions"}],"wp:featuredmedia":[{"embeddable":true,"href":"https:\/\/portugallovers.com\/de\/wp-json\/wp\/v2\/media\/4363"}],"wp:attachment":[{"href":"https:\/\/portugallovers.com\/de\/wp-json\/wp\/v2\/media?parent=4380"}],"curies":[{"name":"wp","href":"https:\/\/api.w.org\/{rel}","templated":true}]}}