{"id":109,"date":"2024-05-08T15:25:16","date_gmt":"2024-05-08T15:25:16","guid":{"rendered":"https:\/\/portugallovers.com\/julie-joly\/"},"modified":"2024-05-08T15:25:29","modified_gmt":"2024-05-08T15:25:29","slug":"julie-joly","status":"publish","type":"page","link":"https:\/\/portugallovers.com\/de\/julie-joly\/","title":{"rendered":"\u00dcber Julie JOLY"},"content":{"rendered":"\n<p>Wir stellen Ihnen Julie vor, Mitarbeiterin von Region Lovers, einem fr\u00f6hlichen Unternehmen, das seit mehr als 10 Jahren die Welt bereist, um Ihnen zertifizierte, qualitativ hochwertige und n\u00fctzliche Informationen zu liefern. Wir m\u00f6chten Ihnen helfen, Entscheidungen zu treffen, damit Sie eine Reise zusammenstellen k\u00f6nnen, die zu Ihnen passt.<\/p>\n\n<p>Das Team w\u00e4chst im Laufe der Jahre, aber Julie h\u00e4lt sich, wie alle Autoren von Region Lovers, an einen Rahmen und an Werte, um unseren Vertrauensvertrag mit unseren Lesern zu erf\u00fcllen. Dennoch und gl\u00fccklicherweise ist jeder Artikel immer auch ein Spiegelbild seines Autors und seiner Leidenschaften.<\/p>\n\n<figure class=\"wp-block-image size-large\"><img decoding=\"async\" src=\"https:\/\/photos.smugmug.com\/Region-Lovers\/Equipe\/i-T3sDhGd\/0\/59069d4a\/L\/julie-L.jpg\" alt=\"\"\/><\/figure>\n\n<h2 class=\"wp-block-heading\">Ihr Werdegang<\/h2>\n\n<ul class=\"wp-block-list\">\n<li>Eine Ausbildung in Politikwissenschaft<\/li>\n\n\n\n<li>Spannende Erfahrungen in verschiedenen Welten (von der Kommunikation in der Luxusbranche bis zum Unterrichten und Schreiben)<\/li>\n\n\n\n<li>Ein neues Kapitel im Jahr 2024: das Abenteuer Region Lovers!<\/li>\n<\/ul>\n\n<p class=\"has-text-align-left\">Entdecken Sie Ihr <a href=\"https:\/\/www.linkedin.com\/in\/julie-joly-a4947731\/\" target=\"_blank\" rel=\"noreferrer noopener\">Linkedin-Profil<\/a><\/p>\n\n<h2 class=\"wp-block-heading\">Was sie besonders gerne schreibt<\/h2>\n\n<ul class=\"wp-block-list\">\n<li>Artikel \u00fcber geschichtstr\u00e4chtige Orte, um Anekdoten und ungew\u00f6hnliche Fakten zu enth\u00fcllen!<\/li>\n\n\n\n<li>Die Artikel lohnen sich, um Ihnen die Sch\u00e4tze unserer Reiseziele zu zeigen und Ihre Reiselust zu wecken.<\/li>\n\n\n\n<li>Die Artikel, in denen man gut essen kann, um seine Leidenschaft f\u00fcr die Gastronomie mit Ihnen zu teilen und Ihren Gaumen zu erfreuen!<\/li>\n<\/ul>\n","protected":false},"excerpt":{"rendered":"<p>Wir stellen Ihnen Julie vor, Mitarbeiterin von Region Lovers, einem fr\u00f6hlichen Unternehmen, das seit mehr als 10 Jahren die Welt bereist, um Ihnen zertifizierte, qualitativ hochwertige und n\u00fctzliche Informationen zu liefern. Wir m\u00f6chten Ihnen helfen, Entscheidungen zu treffen, damit Sie eine Reise zusammenstellen k\u00f6nnen, die zu Ihnen passt. Das Team w\u00e4chst im Laufe der Jahre, [&hellip;]<\/p>\n","protected":false},"author":1,"featured_media":0,"parent":0,"menu_order":0,"comment_status":"closed","ping_status":"closed","template":"","meta":{"_genesis_hide_title":false,"_genesis_hide_breadcrumbs":false,"_genesis_hide_singular_image":false,"_genesis_hide_footer_widgets":false,"_genesis_custom_body_class":"","_genesis_custom_post_class":"","_genesis_layout":"","footnotes":""},"class_list":{"0":"post-109","1":"page","2":"type-page","3":"status-publish","5":"entry"},"yoast_head":"<!-- This site is optimized with the Yoast SEO plugin v27.2 - https:\/\/yoast.com\/product\/yoast-seo-wordpress\/ -->\n<title>\u00dcber Julie JOLY<\/title>\n<meta name=\"description\" content=\"\u00dcber Julie Joly, Redaktionelle Projektmanagerin bei Region Lovers\" \/>\n<meta name=\"robots\" content=\"index, follow, max-snippet:-1, max-image-preview:large, max-video-preview:-1\" \/>\n<link rel=\"canonical\" href=\"https:\/\/portugallovers.com\/de\/julie-joly\/\" \/>\n<meta property=\"og:locale\" content=\"de_DE\" \/>\n<meta property=\"og:type\" content=\"article\" \/>\n<meta property=\"og:title\" content=\"\u00dcber Julie JOLY\" \/>\n<meta property=\"og:description\" content=\"\u00dcber Julie Joly, Redaktionelle Projektmanagerin bei Region Lovers\" \/>\n<meta property=\"og:url\" content=\"https:\/\/portugallovers.com\/de\/julie-joly\/\" \/>\n<meta property=\"og:site_name\" content=\"Portugal Lovers\" \/>\n<meta property=\"article:modified_time\" content=\"2024-05-08T15:25:29+00:00\" \/>\n<meta property=\"og:image\" content=\"https:\/\/photos.smugmug.com\/Region-Lovers\/Equipe\/i-T3sDhGd\/0\/59069d4a\/L\/julie-L.jpg\" \/>\n<meta name=\"twitter:card\" content=\"summary_large_image\" \/>\n<meta name=\"twitter:label1\" content=\"Gesch\u00e4tzte Lesezeit\" \/>\n\t<meta name=\"twitter:data1\" content=\"1 Minute\" \/>\n<script type=\"application\/ld+json\" class=\"yoast-schema-graph\">{\"@context\":\"https:\/\/schema.org\",\"@graph\":[{\"@type\":\"WebPage\",\"@id\":\"https:\/\/portugallovers.com\/de\/julie-joly\/\",\"url\":\"https:\/\/portugallovers.com\/de\/julie-joly\/\",\"name\":\"\u00dcber Julie JOLY\",\"isPartOf\":{\"@id\":\"https:\/\/portugallovers.com\/de\/#website\"},\"primaryImageOfPage\":{\"@id\":\"https:\/\/portugallovers.com\/de\/julie-joly\/#primaryimage\"},\"image\":{\"@id\":\"https:\/\/portugallovers.com\/de\/julie-joly\/#primaryimage\"},\"thumbnailUrl\":\"https:\/\/photos.smugmug.com\/Region-Lovers\/Equipe\/i-T3sDhGd\/0\/59069d4a\/L\/julie-L.jpg\",\"datePublished\":\"2024-05-08T15:25:16+00:00\",\"dateModified\":\"2024-05-08T15:25:29+00:00\",\"description\":\"\u00dcber Julie Joly, Redaktionelle Projektmanagerin bei Region Lovers\",\"breadcrumb\":{\"@id\":\"https:\/\/portugallovers.com\/de\/julie-joly\/#breadcrumb\"},\"inLanguage\":\"de-DE\",\"potentialAction\":[{\"@type\":\"ReadAction\",\"target\":[\"https:\/\/portugallovers.com\/de\/julie-joly\/\"]}]},{\"@type\":\"ImageObject\",\"inLanguage\":\"de-DE\",\"@id\":\"https:\/\/portugallovers.com\/de\/julie-joly\/#primaryimage\",\"url\":\"https:\/\/photos.smugmug.com\/Region-Lovers\/Equipe\/i-T3sDhGd\/0\/59069d4a\/L\/julie-L.jpg\",\"contentUrl\":\"https:\/\/photos.smugmug.com\/Region-Lovers\/Equipe\/i-T3sDhGd\/0\/59069d4a\/L\/julie-L.jpg\"},{\"@type\":\"BreadcrumbList\",\"@id\":\"https:\/\/portugallovers.com\/de\/julie-joly\/#breadcrumb\",\"itemListElement\":[{\"@type\":\"ListItem\",\"position\":1,\"name\":\"Accueil\",\"item\":\"https:\/\/portugallovers.com\/de\/\"},{\"@type\":\"ListItem\",\"position\":2,\"name\":\"\u00dcber Julie JOLY\"}]},{\"@type\":\"WebSite\",\"@id\":\"https:\/\/portugallovers.com\/de\/#website\",\"url\":\"https:\/\/portugallovers.com\/de\/\",\"name\":\"Portugal Lovers\",\"description\":\"\",\"publisher\":{\"@id\":\"https:\/\/portugallovers.com\/de\/#organization\"},\"potentialAction\":[{\"@type\":\"SearchAction\",\"target\":{\"@type\":\"EntryPoint\",\"urlTemplate\":\"https:\/\/portugallovers.com\/de\/?s={search_term_string}\"},\"query-input\":{\"@type\":\"PropertyValueSpecification\",\"valueRequired\":true,\"valueName\":\"search_term_string\"}}],\"inLanguage\":\"de-DE\"},{\"@type\":\"Organization\",\"@id\":\"https:\/\/portugallovers.com\/de\/#organization\",\"name\":\"Portugal Lovers\",\"url\":\"https:\/\/portugallovers.com\/de\/\",\"logo\":{\"@type\":\"ImageObject\",\"inLanguage\":\"de-DE\",\"@id\":\"https:\/\/portugallovers.com\/de\/#\/schema\/logo\/image\/\",\"url\":\"https:\/\/portugallovers.com\/wp-content\/uploads\/2024\/05\/cropped-Portugal-Lovers-Logo.png\",\"contentUrl\":\"https:\/\/portugallovers.com\/wp-content\/uploads\/2024\/05\/cropped-Portugal-Lovers-Logo.png\",\"width\":2742,\"height\":469,\"caption\":\"Portugal Lovers\"},\"image\":{\"@id\":\"https:\/\/portugallovers.com\/de\/#\/schema\/logo\/image\/\"}}]}<\/script>\n<!-- \/ Yoast SEO plugin. -->","yoast_head_json":{"title":"\u00dcber Julie JOLY","description":"\u00dcber Julie Joly, Redaktionelle Projektmanagerin bei Region Lovers","robots":{"index":"index","follow":"follow","max-snippet":"max-snippet:-1","max-image-preview":"max-image-preview:large","max-video-preview":"max-video-preview:-1"},"canonical":"https:\/\/portugallovers.com\/de\/julie-joly\/","og_locale":"de_DE","og_type":"article","og_title":"\u00dcber Julie JOLY","og_description":"\u00dcber Julie Joly, Redaktionelle Projektmanagerin bei Region Lovers","og_url":"https:\/\/portugallovers.com\/de\/julie-joly\/","og_site_name":"Portugal Lovers","article_modified_time":"2024-05-08T15:25:29+00:00","og_image":[{"url":"https:\/\/photos.smugmug.com\/Region-Lovers\/Equipe\/i-T3sDhGd\/0\/59069d4a\/L\/julie-L.jpg","type":"","width":"","height":""}],"twitter_card":"summary_large_image","twitter_misc":{"Gesch\u00e4tzte Lesezeit":"1 Minute"},"schema":{"@context":"https:\/\/schema.org","@graph":[{"@type":"WebPage","@id":"https:\/\/portugallovers.com\/de\/julie-joly\/","url":"https:\/\/portugallovers.com\/de\/julie-joly\/","name":"\u00dcber Julie JOLY","isPartOf":{"@id":"https:\/\/portugallovers.com\/de\/#website"},"primaryImageOfPage":{"@id":"https:\/\/portugallovers.com\/de\/julie-joly\/#primaryimage"},"image":{"@id":"https:\/\/portugallovers.com\/de\/julie-joly\/#primaryimage"},"thumbnailUrl":"https:\/\/photos.smugmug.com\/Region-Lovers\/Equipe\/i-T3sDhGd\/0\/59069d4a\/L\/julie-L.jpg","datePublished":"2024-05-08T15:25:16+00:00","dateModified":"2024-05-08T15:25:29+00:00","description":"\u00dcber Julie Joly, Redaktionelle Projektmanagerin bei Region Lovers","breadcrumb":{"@id":"https:\/\/portugallovers.com\/de\/julie-joly\/#breadcrumb"},"inLanguage":"de-DE","potentialAction":[{"@type":"ReadAction","target":["https:\/\/portugallovers.com\/de\/julie-joly\/"]}]},{"@type":"ImageObject","inLanguage":"de-DE","@id":"https:\/\/portugallovers.com\/de\/julie-joly\/#primaryimage","url":"https:\/\/photos.smugmug.com\/Region-Lovers\/Equipe\/i-T3sDhGd\/0\/59069d4a\/L\/julie-L.jpg","contentUrl":"https:\/\/photos.smugmug.com\/Region-Lovers\/Equipe\/i-T3sDhGd\/0\/59069d4a\/L\/julie-L.jpg"},{"@type":"BreadcrumbList","@id":"https:\/\/portugallovers.com\/de\/julie-joly\/#breadcrumb","itemListElement":[{"@type":"ListItem","position":1,"name":"Accueil","item":"https:\/\/portugallovers.com\/de\/"},{"@type":"ListItem","position":2,"name":"\u00dcber Julie JOLY"}]},{"@type":"WebSite","@id":"https:\/\/portugallovers.com\/de\/#website","url":"https:\/\/portugallovers.com\/de\/","name":"Portugal Lovers","description":"","publisher":{"@id":"https:\/\/portugallovers.com\/de\/#organization"},"potentialAction":[{"@type":"SearchAction","target":{"@type":"EntryPoint","urlTemplate":"https:\/\/portugallovers.com\/de\/?s={search_term_string}"},"query-input":{"@type":"PropertyValueSpecification","valueRequired":true,"valueName":"search_term_string"}}],"inLanguage":"de-DE"},{"@type":"Organization","@id":"https:\/\/portugallovers.com\/de\/#organization","name":"Portugal Lovers","url":"https:\/\/portugallovers.com\/de\/","logo":{"@type":"ImageObject","inLanguage":"de-DE","@id":"https:\/\/portugallovers.com\/de\/#\/schema\/logo\/image\/","url":"https:\/\/portugallovers.com\/wp-content\/uploads\/2024\/05\/cropped-Portugal-Lovers-Logo.png","contentUrl":"https:\/\/portugallovers.com\/wp-content\/uploads\/2024\/05\/cropped-Portugal-Lovers-Logo.png","width":2742,"height":469,"caption":"Portugal Lovers"},"image":{"@id":"https:\/\/portugallovers.com\/de\/#\/schema\/logo\/image\/"}}]}},"featured_image_src":null,"featured_image_src_square":null,"_links":{"self":[{"href":"https:\/\/portugallovers.com\/de\/wp-json\/wp\/v2\/pages\/109","targetHints":{"allow":["GET"]}}],"collection":[{"href":"https:\/\/portugallovers.com\/de\/wp-json\/wp\/v2\/pages"}],"about":[{"href":"https:\/\/portugallovers.com\/de\/wp-json\/wp\/v2\/types\/page"}],"author":[{"embeddable":true,"href":"https:\/\/portugallovers.com\/de\/wp-json\/wp\/v2\/users\/1"}],"replies":[{"embeddable":true,"href":"https:\/\/portugallovers.com\/de\/wp-json\/wp\/v2\/comments?post=109"}],"version-history":[{"count":0,"href":"https:\/\/portugallovers.com\/de\/wp-json\/wp\/v2\/pages\/109\/revisions"}],"wp:attachment":[{"href":"https:\/\/portugallovers.com\/de\/wp-json\/wp\/v2\/media?parent=109"}],"curies":[{"name":"wp","href":"https:\/\/api.w.org\/{rel}","templated":true}]}}