{"id":479,"date":"2024-10-06T08:00:41","date_gmt":"2024-10-06T08:00:41","guid":{"rendered":"https:\/\/portugallovers.com\/myriam-bendriss-mudibu\/"},"modified":"2024-10-06T08:01:15","modified_gmt":"2024-10-06T08:01:15","slug":"myriam-bendriss-mudibu","status":"publish","type":"page","link":"https:\/\/portugallovers.com\/da\/myriam-bendriss-mudibu\/","title":{"rendered":"Om Myriam BENDRISS MUDIBU"},"content":{"rendered":"\n<p>M\u00f8d Myriam, en medarbejder hos Region Lovers, en glad virksomhed, der har rejst verden rundt i over 10 \u00e5r for at give dig certificeret og nyttig information af h\u00f8j kvalitet. Vi vil gerne hj\u00e6lpe dig med at tr\u00e6ffe de valg, du har brug for, for at skabe en rejse, der passer til dig.<\/p>\n\n<p>Teamet er vokset gennem \u00e5rene, men Myriam, ligesom alle forfatterne hos Region Lovers, holder sig til en ramme og nogle v\u00e6rdier for at kunne opfylde vores tillidskontrakt med vores l\u00e6sere. Men heldigvis er hver artikel altid en afspejling af forfatteren og hans eller hendes passioner.<\/p>\n<div class=\"wp-block-image\">\n<figure class=\"aligncenter size-large\"><img decoding=\"async\" src=\"https:\/\/photos.smugmug.com\/Region-Lovers\/Equipe\/i-2VkpKdc\/0\/DqDG7GbR6CxhqJq4M7VBQnSmkShv4QM9sWgTxgDm4\/L\/myriam-2-L.jpg\" alt=\"\"\/><\/figure>\n<\/div>\n<h2 class=\"wp-block-heading\">Hans karriere<\/h2>\n\n<ul class=\"wp-block-list\">\n<li>5 \u00e5r p\u00e5 farten mellem reklamebureauer og corporate communications<\/li>\n\n\n\n<li>Mere end 3 \u00e5r i b\u00f8rns tjeneste inden for en velg\u00f8rende fond<\/li>\n\n\n\n<li>Mere end 3 \u00e5r hos et st\u00f8rre sundhedsforsikringsselskab<\/li>\n\n\n\n<li>Er siden 2023 hoppet ombord p\u00e5 Region Lovers og vil ikke af igen.<\/li>\n<\/ul>\n\n<p class=\"has-text-align-left\">Opdag din <a href=\"https:\/\/www.linkedin.com\/in\/myriam-mudibu-bendriss-083b4740\/\" target=\"_blank\" rel=\"noreferrer noopener\">Linkedin-profil<\/a><\/p>\n\n<h2 class=\"wp-block-heading\">Hvad hun is\u00e6r holder af at skrive<\/h2>\n\n<ul class=\"wp-block-list\">\n<li>Artikler om haver og parker, fordi hun inderst inde er en romantiker, der elsker poetiske steder.<\/li>\n\n\n\n<li>Steder, der sp\u00e6nder over flere tidsaldre og konfronterer forskellige epoker, s\u00e5som visse museer eller monumenter&#8230;<\/li>\n\n\n\n<li>Artikler om restauranter for at dele unikke kulinariske oplevelser med vores l\u00e6sere: Hun er overbevist om, at det at spise godt er en del af det at rejse!<\/li>\n<\/ul>\n","protected":false},"excerpt":{"rendered":"<p>M\u00f8d Myriam, en medarbejder hos Region Lovers, en glad virksomhed, der har rejst verden rundt i over 10 \u00e5r for at give dig certificeret og nyttig information af h\u00f8j kvalitet. Vi vil gerne hj\u00e6lpe dig med at tr\u00e6ffe de valg, du har brug for, for at skabe en rejse, der passer til dig. Teamet er [&hellip;]<\/p>\n","protected":false},"author":1,"featured_media":0,"parent":0,"menu_order":0,"comment_status":"closed","ping_status":"closed","template":"","meta":{"_genesis_hide_title":false,"_genesis_hide_breadcrumbs":false,"_genesis_hide_singular_image":false,"_genesis_hide_footer_widgets":false,"_genesis_custom_body_class":"","_genesis_custom_post_class":"","_genesis_layout":"","footnotes":""},"class_list":{"0":"post-479","1":"page","2":"type-page","3":"status-publish","5":"entry"},"yoast_head":"<!-- This site is optimized with the Yoast SEO plugin v27.2 - https:\/\/yoast.com\/product\/yoast-seo-wordpress\/ -->\n<title>Om Myriam BENDRISS MUDIBU<\/title>\n<meta name=\"description\" content=\"M\u00f8d Myriam, fra Region Lovers team\" \/>\n<meta name=\"robots\" content=\"index, follow, max-snippet:-1, max-image-preview:large, max-video-preview:-1\" \/>\n<link rel=\"canonical\" href=\"https:\/\/portugallovers.com\/da\/myriam-bendriss-mudibu\/\" \/>\n<meta property=\"og:locale\" content=\"da_DK\" \/>\n<meta property=\"og:type\" content=\"article\" \/>\n<meta property=\"og:title\" content=\"Om Myriam BENDRISS MUDIBU\" \/>\n<meta property=\"og:description\" content=\"M\u00f8d Myriam, fra Region Lovers team\" \/>\n<meta property=\"og:url\" content=\"https:\/\/portugallovers.com\/da\/myriam-bendriss-mudibu\/\" \/>\n<meta property=\"og:site_name\" content=\"Portugal Lovers\" \/>\n<meta property=\"article:modified_time\" content=\"2024-10-06T08:01:15+00:00\" \/>\n<meta property=\"og:image\" content=\"https:\/\/photos.smugmug.com\/Region-Lovers\/Equipe\/i-2VkpKdc\/0\/DqDG7GbR6CxhqJq4M7VBQnSmkShv4QM9sWgTxgDm4\/L\/myriam-2-L.jpg\" \/>\n<meta name=\"twitter:card\" content=\"summary_large_image\" \/>\n<meta name=\"twitter:label1\" content=\"Estimeret l\u00e6setid\" \/>\n\t<meta name=\"twitter:data1\" content=\"1 minut\" \/>\n<script type=\"application\/ld+json\" class=\"yoast-schema-graph\">{\"@context\":\"https:\/\/schema.org\",\"@graph\":[{\"@type\":\"WebPage\",\"@id\":\"https:\/\/portugallovers.com\/da\/myriam-bendriss-mudibu\/\",\"url\":\"https:\/\/portugallovers.com\/da\/myriam-bendriss-mudibu\/\",\"name\":\"Om Myriam BENDRISS MUDIBU\",\"isPartOf\":{\"@id\":\"https:\/\/portugallovers.com\/da\/#website\"},\"primaryImageOfPage\":{\"@id\":\"https:\/\/portugallovers.com\/da\/myriam-bendriss-mudibu\/#primaryimage\"},\"image\":{\"@id\":\"https:\/\/portugallovers.com\/da\/myriam-bendriss-mudibu\/#primaryimage\"},\"thumbnailUrl\":\"https:\/\/photos.smugmug.com\/Region-Lovers\/Equipe\/i-2VkpKdc\/0\/DqDG7GbR6CxhqJq4M7VBQnSmkShv4QM9sWgTxgDm4\/L\/myriam-2-L.jpg\",\"datePublished\":\"2024-10-06T08:00:41+00:00\",\"dateModified\":\"2024-10-06T08:01:15+00:00\",\"description\":\"M\u00f8d Myriam, fra Region Lovers team\",\"breadcrumb\":{\"@id\":\"https:\/\/portugallovers.com\/da\/myriam-bendriss-mudibu\/#breadcrumb\"},\"inLanguage\":\"da-DK\",\"potentialAction\":[{\"@type\":\"ReadAction\",\"target\":[\"https:\/\/portugallovers.com\/da\/myriam-bendriss-mudibu\/\"]}]},{\"@type\":\"ImageObject\",\"inLanguage\":\"da-DK\",\"@id\":\"https:\/\/portugallovers.com\/da\/myriam-bendriss-mudibu\/#primaryimage\",\"url\":\"https:\/\/photos.smugmug.com\/Region-Lovers\/Equipe\/i-2VkpKdc\/0\/DqDG7GbR6CxhqJq4M7VBQnSmkShv4QM9sWgTxgDm4\/L\/myriam-2-L.jpg\",\"contentUrl\":\"https:\/\/photos.smugmug.com\/Region-Lovers\/Equipe\/i-2VkpKdc\/0\/DqDG7GbR6CxhqJq4M7VBQnSmkShv4QM9sWgTxgDm4\/L\/myriam-2-L.jpg\"},{\"@type\":\"BreadcrumbList\",\"@id\":\"https:\/\/portugallovers.com\/da\/myriam-bendriss-mudibu\/#breadcrumb\",\"itemListElement\":[{\"@type\":\"ListItem\",\"position\":1,\"name\":\"Accueil\",\"item\":\"https:\/\/portugallovers.com\/da\/\"},{\"@type\":\"ListItem\",\"position\":2,\"name\":\"Om Myriam BENDRISS MUDIBU\"}]},{\"@type\":\"WebSite\",\"@id\":\"https:\/\/portugallovers.com\/da\/#website\",\"url\":\"https:\/\/portugallovers.com\/da\/\",\"name\":\"Portugal Lovers\",\"description\":\"\",\"publisher\":{\"@id\":\"https:\/\/portugallovers.com\/da\/#organization\"},\"potentialAction\":[{\"@type\":\"SearchAction\",\"target\":{\"@type\":\"EntryPoint\",\"urlTemplate\":\"https:\/\/portugallovers.com\/da\/?s={search_term_string}\"},\"query-input\":{\"@type\":\"PropertyValueSpecification\",\"valueRequired\":true,\"valueName\":\"search_term_string\"}}],\"inLanguage\":\"da-DK\"},{\"@type\":\"Organization\",\"@id\":\"https:\/\/portugallovers.com\/da\/#organization\",\"name\":\"Portugal Lovers\",\"url\":\"https:\/\/portugallovers.com\/da\/\",\"logo\":{\"@type\":\"ImageObject\",\"inLanguage\":\"da-DK\",\"@id\":\"https:\/\/portugallovers.com\/da\/#\/schema\/logo\/image\/\",\"url\":\"https:\/\/portugallovers.com\/wp-content\/uploads\/2024\/05\/cropped-Portugal-Lovers-Logo.png\",\"contentUrl\":\"https:\/\/portugallovers.com\/wp-content\/uploads\/2024\/05\/cropped-Portugal-Lovers-Logo.png\",\"width\":2742,\"height\":469,\"caption\":\"Portugal Lovers\"},\"image\":{\"@id\":\"https:\/\/portugallovers.com\/da\/#\/schema\/logo\/image\/\"}}]}<\/script>\n<!-- \/ Yoast SEO plugin. -->","yoast_head_json":{"title":"Om Myriam BENDRISS MUDIBU","description":"M\u00f8d Myriam, fra Region Lovers team","robots":{"index":"index","follow":"follow","max-snippet":"max-snippet:-1","max-image-preview":"max-image-preview:large","max-video-preview":"max-video-preview:-1"},"canonical":"https:\/\/portugallovers.com\/da\/myriam-bendriss-mudibu\/","og_locale":"da_DK","og_type":"article","og_title":"Om Myriam BENDRISS MUDIBU","og_description":"M\u00f8d Myriam, fra Region Lovers team","og_url":"https:\/\/portugallovers.com\/da\/myriam-bendriss-mudibu\/","og_site_name":"Portugal Lovers","article_modified_time":"2024-10-06T08:01:15+00:00","og_image":[{"url":"https:\/\/photos.smugmug.com\/Region-Lovers\/Equipe\/i-2VkpKdc\/0\/DqDG7GbR6CxhqJq4M7VBQnSmkShv4QM9sWgTxgDm4\/L\/myriam-2-L.jpg","type":"","width":"","height":""}],"twitter_card":"summary_large_image","twitter_misc":{"Estimeret l\u00e6setid":"1 minut"},"schema":{"@context":"https:\/\/schema.org","@graph":[{"@type":"WebPage","@id":"https:\/\/portugallovers.com\/da\/myriam-bendriss-mudibu\/","url":"https:\/\/portugallovers.com\/da\/myriam-bendriss-mudibu\/","name":"Om Myriam BENDRISS MUDIBU","isPartOf":{"@id":"https:\/\/portugallovers.com\/da\/#website"},"primaryImageOfPage":{"@id":"https:\/\/portugallovers.com\/da\/myriam-bendriss-mudibu\/#primaryimage"},"image":{"@id":"https:\/\/portugallovers.com\/da\/myriam-bendriss-mudibu\/#primaryimage"},"thumbnailUrl":"https:\/\/photos.smugmug.com\/Region-Lovers\/Equipe\/i-2VkpKdc\/0\/DqDG7GbR6CxhqJq4M7VBQnSmkShv4QM9sWgTxgDm4\/L\/myriam-2-L.jpg","datePublished":"2024-10-06T08:00:41+00:00","dateModified":"2024-10-06T08:01:15+00:00","description":"M\u00f8d Myriam, fra Region Lovers team","breadcrumb":{"@id":"https:\/\/portugallovers.com\/da\/myriam-bendriss-mudibu\/#breadcrumb"},"inLanguage":"da-DK","potentialAction":[{"@type":"ReadAction","target":["https:\/\/portugallovers.com\/da\/myriam-bendriss-mudibu\/"]}]},{"@type":"ImageObject","inLanguage":"da-DK","@id":"https:\/\/portugallovers.com\/da\/myriam-bendriss-mudibu\/#primaryimage","url":"https:\/\/photos.smugmug.com\/Region-Lovers\/Equipe\/i-2VkpKdc\/0\/DqDG7GbR6CxhqJq4M7VBQnSmkShv4QM9sWgTxgDm4\/L\/myriam-2-L.jpg","contentUrl":"https:\/\/photos.smugmug.com\/Region-Lovers\/Equipe\/i-2VkpKdc\/0\/DqDG7GbR6CxhqJq4M7VBQnSmkShv4QM9sWgTxgDm4\/L\/myriam-2-L.jpg"},{"@type":"BreadcrumbList","@id":"https:\/\/portugallovers.com\/da\/myriam-bendriss-mudibu\/#breadcrumb","itemListElement":[{"@type":"ListItem","position":1,"name":"Accueil","item":"https:\/\/portugallovers.com\/da\/"},{"@type":"ListItem","position":2,"name":"Om Myriam BENDRISS MUDIBU"}]},{"@type":"WebSite","@id":"https:\/\/portugallovers.com\/da\/#website","url":"https:\/\/portugallovers.com\/da\/","name":"Portugal Lovers","description":"","publisher":{"@id":"https:\/\/portugallovers.com\/da\/#organization"},"potentialAction":[{"@type":"SearchAction","target":{"@type":"EntryPoint","urlTemplate":"https:\/\/portugallovers.com\/da\/?s={search_term_string}"},"query-input":{"@type":"PropertyValueSpecification","valueRequired":true,"valueName":"search_term_string"}}],"inLanguage":"da-DK"},{"@type":"Organization","@id":"https:\/\/portugallovers.com\/da\/#organization","name":"Portugal Lovers","url":"https:\/\/portugallovers.com\/da\/","logo":{"@type":"ImageObject","inLanguage":"da-DK","@id":"https:\/\/portugallovers.com\/da\/#\/schema\/logo\/image\/","url":"https:\/\/portugallovers.com\/wp-content\/uploads\/2024\/05\/cropped-Portugal-Lovers-Logo.png","contentUrl":"https:\/\/portugallovers.com\/wp-content\/uploads\/2024\/05\/cropped-Portugal-Lovers-Logo.png","width":2742,"height":469,"caption":"Portugal Lovers"},"image":{"@id":"https:\/\/portugallovers.com\/da\/#\/schema\/logo\/image\/"}}]}},"featured_image_src":null,"featured_image_src_square":null,"_links":{"self":[{"href":"https:\/\/portugallovers.com\/da\/wp-json\/wp\/v2\/pages\/479","targetHints":{"allow":["GET"]}}],"collection":[{"href":"https:\/\/portugallovers.com\/da\/wp-json\/wp\/v2\/pages"}],"about":[{"href":"https:\/\/portugallovers.com\/da\/wp-json\/wp\/v2\/types\/page"}],"author":[{"embeddable":true,"href":"https:\/\/portugallovers.com\/da\/wp-json\/wp\/v2\/users\/1"}],"replies":[{"embeddable":true,"href":"https:\/\/portugallovers.com\/da\/wp-json\/wp\/v2\/comments?post=479"}],"version-history":[{"count":0,"href":"https:\/\/portugallovers.com\/da\/wp-json\/wp\/v2\/pages\/479\/revisions"}],"wp:attachment":[{"href":"https:\/\/portugallovers.com\/da\/wp-json\/wp\/v2\/media?parent=479"}],"curies":[{"name":"wp","href":"https:\/\/api.w.org\/{rel}","templated":true}]}}